{"id":2,"date":"2012-07-11T12:42:27","date_gmt":"2012-07-11T12:42:27","guid":{"rendered":"http:\/\/spad.se\/\/?page_id=2"},"modified":"2022-03-08T09:37:16","modified_gmt":"2022-03-08T09:37:16","slug":"sample-page","status":"publish","type":"page","link":"https:\/\/spad.se\/","title":{"rendered":"spad"},"content":{"rendered":"<h2>F\u00d6RETAGET<\/h2>\n<p>spad\u00a0arbetar med stadsbyggnad, arkitektur och arkitekturpedagogiska projekt. Fokus ligger p\u00e5 h\u00e5llbara livsmilj\u00f6er. I flera fall handlar uppdragen om medinflytande i gestaltningen och planprocesser i syfte att f\u00e5nga anv\u00e4ndarens perspektiv och bygga socialt h\u00e5llbart.<\/p>\n<h2>PROJEKT<\/h2>\n<p>Bostadshus<\/p>\n<p>Fritidshus<\/p>\n<p>Offentliga lokaler<\/p>\n<p>Stadsbyggnad<\/p>\n<p>Arkitekturpedagogik<\/p>\n<h2>PERSONER<\/h2>\n<p>Stefan Petersson arkitekt SAR\/MSA och universitetsadjunkt p\u00e5 KTH Arkitekturskolan. Utbildad p\u00e5 Chalmers och UdK Berlin. Medgrundare av KTH i Tensta (2008-2018), f\u00f6rberedande arkitektskola med uttalat syfta att bredda rekryteringen till arkitektutbildningarna. Tilldelad SA-priset 2012 (Stockholms Arkitektf\u00f6rening). J\u00e4rf\u00e4lla kommun bel\u00f6nades 2021 av Internationella Arkitektunionens pris Golden Cube Award 2021. I vilket spad bidragit med sitt arkitekturpedagogiska arbete. Stefan Petersson innehar ett delat ordf\u00f6randeskap i R\u00e5det f\u00f6r Arkitektur och Barn (RAB) inom Sveriges Arkitekter.<\/p>\n<p>F\u00f6retaget samarbetar med ett flertal arkitektkontor i Sverige och utomlands.<\/p>\n<h2>UTM\u00c4RKELSER<\/h2>\n<p>Karl Engvers stiftelse 2015<br \/>\nJapanstiftelsens stipendium 2015<br \/>\nStockholms arkitekturpris 2012<br \/>\nWernstedtska resestipendiet 2004<\/p>\n<h2>KONTAKT<\/h2>\n<p>stefan@spad.se<\/p>\n<p>mobil: 0702-030565<\/p>\n<p><a href=\"https:\/\/www.facebook.com\/spad.se\"><br \/>\n<\/a><br \/>\n<a href=\"https:\/\/www.instagram.com\/spad_ark\/\"><br \/>\n<\/a><\/p>\n","protected":false},"excerpt":{"rendered":"<p>F\u00d6RETAGET spad\u00a0arbetar med stadsbyggnad, arkitektur och arkitekturpedagogiska projekt. Fokus ligger p\u00e5 h\u00e5llbara livsmilj\u00f6er. I flera fall handlar uppdragen om medinflytande i gestaltningen och planprocesser i syfte att f\u00e5nga anv\u00e4ndarens perspektiv och bygga socialt h\u00e5llbart. PROJEKT Bostadshus Fritidshus Offentliga lokaler Stadsbyggnad Arkitekturpedagogik PERSONER Stefan Petersson arkitekt SAR\/MSA och universitetsadjunkt p\u00e5 KTH Arkitekturskolan. Utbildad p\u00e5 Chalmers och [&hellip;]<\/p>\n","protected":false},"author":1,"featured_media":0,"parent":0,"menu_order":0,"comment_status":"closed","ping_status":"closed","template":"","meta":[],"_links":{"self":[{"href":"https:\/\/spad.se\/index.php?rest_route=\/wp\/v2\/pages\/2"}],"collection":[{"href":"https:\/\/spad.se\/index.php?rest_route=\/wp\/v2\/pages"}],"about":[{"href":"https:\/\/spad.se\/index.php?rest_route=\/wp\/v2\/types\/page"}],"author":[{"embeddable":true,"href":"https:\/\/spad.se\/index.php?rest_route=\/wp\/v2\/users\/1"}],"replies":[{"embeddable":true,"href":"https:\/\/spad.se\/index.php?rest_route=%2Fwp%2Fv2%2Fcomments&post=2"}],"version-history":[{"count":42,"href":"https:\/\/spad.se\/index.php?rest_route=\/wp\/v2\/pages\/2\/revisions"}],"predecessor-version":[{"id":172,"href":"https:\/\/spad.se\/index.php?rest_route=\/wp\/v2\/pages\/2\/revisions\/172"}],"wp:attachment":[{"href":"https:\/\/spad.se\/index.php?rest_route=%2Fwp%2Fv2%2Fmedia&parent=2"}],"curies":[{"name":"wp","href":"https:\/\/api.w.org\/{rel}","templated":true}]}}